{"id":64,"date":"2024-01-24T08:59:57","date_gmt":"2024-01-24T06:59:57","guid":{"rendered":"https:\/\/jarjestin-info.humak.fi\/jarjestin-digital-information-production-service-for-youth-sector-organisations\/"},"modified":"2024-09-23T13:57:32","modified_gmt":"2024-09-23T10:57:32","slug":"jarjestin-digital-information-production-service-for-youth-sector-organisations","status":"publish","type":"page","link":"https:\/\/jarjestin-info.humak.fi\/en\/","title":{"rendered":"J\u00e4rjestin \u2013 digital information production service for youth sector organisations"},"content":{"rendered":"\n<p>J\u00e4rjestin is a digital information production service for youth sector organisations that was developed together with organisations in the sector and with the funding of the Ministry of Education and Culture. The service is managed by the Humak University of Applied Sciences.<\/p>\n\n\n\n<p>Instructions, tips as well as information on the use of the service and upcoming updates are collected on this page.<\/p>\n\n\n\n<div style=\"height:33px\" aria-hidden=\"true\" class=\"wp-block-spacer\"><\/div>\n\n\n\n<div class=\"wp-block-columns is-layout-flex wp-container-core-columns-is-layout-9d6595d7 wp-block-columns-is-layout-flex\">\n<div class=\"wp-block-column is-layout-flow wp-block-column-is-layout-flow\" style=\"flex-basis:66.66%\">\n<h2 class=\"wp-block-heading\">J\u00e4rjestin in brief<\/h2>\n\n\n\n<ul class=\"wp-block-list\">\n<li>J\u00e4rjestin is a free-to-use service for youth sector organisations.<\/li>\n\n\n\n<li>An organisation\u2019s basic information is stored in the service.<\/li>\n\n\n\n<li>The service compiles information about the operations of the organisation in real time.<\/li>\n\n\n\n<li>The service lends itself for conducting member surveys either by making use of ready survey templates as such, editing them to the need at hand or creating unique surveys by making use of the versatile survey tools that J\u00e4rjestin offers.<\/li>\n\n\n\n<li>The service is available in Finnish, Swedish and English.<\/li>\n<\/ul>\n<\/div>\n\n\n\n<div class=\"wp-block-column is-vertically-aligned-center is-layout-flow wp-block-column-is-layout-flow\" style=\"flex-basis:33.33%\"><div class=\"wp-block-image\">\n<figure class=\"aligncenter size-full\"><img loading=\"lazy\" decoding=\"async\" width=\"458\" height=\"358\" src=\"https:\/\/jarjestin-info.humak.fi\/wp-content\/uploads\/sites\/110\/2024\/01\/jarjestin-kuvake.png\" alt=\"\" class=\"wp-image-32\" srcset=\"https:\/\/jarjestin-info.humak.fi\/wp-content\/uploads\/sites\/110\/2024\/01\/jarjestin-kuvake.png 458w, https:\/\/jarjestin-info.humak.fi\/wp-content\/uploads\/sites\/110\/2024\/01\/jarjestin-kuvake-300x234.png 300w, https:\/\/jarjestin-info.humak.fi\/wp-content\/uploads\/sites\/110\/2024\/01\/jarjestin-kuvake-24x19.png 24w, https:\/\/jarjestin-info.humak.fi\/wp-content\/uploads\/sites\/110\/2024\/01\/jarjestin-kuvake-36x28.png 36w, https:\/\/jarjestin-info.humak.fi\/wp-content\/uploads\/sites\/110\/2024\/01\/jarjestin-kuvake-48x38.png 48w\" sizes=\"auto, (max-width: 458px) 100vw, 458px\" \/><\/figure><\/div><\/div>\n<\/div>\n\n\n\n<div style=\"height:18px\" aria-hidden=\"true\" class=\"wp-block-spacer\"><\/div>\n\n\n\n<h2 class=\"wp-block-heading\">What makes J\u00e4rjestin a useful tool?<\/h2>\n\n\n\n<ul class=\"wp-block-list\">\n<li>You can lead with information.<\/li>\n\n\n\n<li>You can easily collect information for the annual report.<\/li>\n\n\n\n<li>You can make use of data in funding and project reports.<\/li>\n\n\n\n<li>You can use the collected information in your organisation\u2019s communications.<\/li>\n\n\n\n<li>You can clearly demonstrate the effects of your operations.<\/li>\n\n\n\n<li>You can use the results for the content of the application and clearance for funding granted by the Ministry of Education and Culture for leisure activities, for instance.<\/li>\n<\/ul>\n\n\n\n<div style=\"height:19px\" aria-hidden=\"true\" class=\"wp-block-spacer\"><\/div>\n\n\n\n<h2 class=\"wp-block-heading\">Collecting operative information made easy!<\/h2>\n\n\n\n<ul class=\"wp-block-list\">\n<li>Create your own surveys or use ready-made survey templates.<\/li>\n\n\n\n<li>Quickly visualise operative information into graphs.<\/li>\n\n\n\n<li>Compile timelines on the development of operations.<\/li>\n\n\n\n<li>Export the information for use as a PNG, PDF or CSV file.<\/li>\n\n\n\n<li>Browse the information on your computer or mobile device.<\/li>\n\n\n\n<li>The survey respondent is not required to be logged in to the service.<\/li>\n<\/ul>\n\n\n\n<div style=\"height:21px\" aria-hidden=\"true\" class=\"wp-block-spacer\"><\/div>\n\n\n\n<p class=\"has-text-align-center\" style=\"font-size:18px\"><strong>If you are interested and would like to learn more or if you would like to start using J\u00e4rjestin, please send an e-mail to jarjesti&#110;&#64;&#104;&#117;&#109;&#97;&#107;&#46;&#102;&#105;.<\/strong><\/p>\n\n\n\n<div style=\"height:19px\" aria-hidden=\"true\" class=\"wp-block-spacer\"><\/div>\n\n\n\n<figure class=\"wp-block-image size-large\"><img loading=\"lazy\" decoding=\"async\" width=\"1024\" height=\"320\" src=\"https:\/\/jarjestin-info.humak.fi\/wp-content\/uploads\/sites\/110\/2024\/09\/5-1024x320.jpg\" alt=\"Testimonial with image of Jenny Tabermann, Secretary General of Youth League of the Finnish Norden Association. &quot;Developing a monitoring tool is a time-consuming process that also requires human resources. That\u2019s why J\u00e4rjestin offers a wonderful opportunity to use a tool that is already built based on the needs of organisations and, if in need of support when using the tool,  one can turn to colleagues.&quot;\" class=\"wp-image-248\" srcset=\"https:\/\/jarjestin-info.humak.fi\/wp-content\/uploads\/sites\/110\/2024\/09\/5-1024x320.jpg 1024w, https:\/\/jarjestin-info.humak.fi\/wp-content\/uploads\/sites\/110\/2024\/09\/5-300x94.jpg 300w, https:\/\/jarjestin-info.humak.fi\/wp-content\/uploads\/sites\/110\/2024\/09\/5-768x240.jpg 768w, https:\/\/jarjestin-info.humak.fi\/wp-content\/uploads\/sites\/110\/2024\/09\/5-1536x480.jpg 1536w, https:\/\/jarjestin-info.humak.fi\/wp-content\/uploads\/sites\/110\/2024\/09\/5-24x8.jpg 24w, https:\/\/jarjestin-info.humak.fi\/wp-content\/uploads\/sites\/110\/2024\/09\/5-36x11.jpg 36w, https:\/\/jarjestin-info.humak.fi\/wp-content\/uploads\/sites\/110\/2024\/09\/5-48x15.jpg 48w, https:\/\/jarjestin-info.humak.fi\/wp-content\/uploads\/sites\/110\/2024\/09\/5.jpg 1920w\" sizes=\"auto, (max-width: 1024px) 100vw, 1024px\" \/><\/figure>\n\n\n\n<div style=\"height:19px\" aria-hidden=\"true\" class=\"wp-block-spacer\"><\/div>\n\n\n\n<figure class=\"wp-block-image size-large is-resized\"><img loading=\"lazy\" decoding=\"async\" src=\"https:\/\/jarjestin-info.humak.fi\/wp-content\/uploads\/sites\/110\/2024\/09\/6-1024x320.jpg\" alt=\"Testimonial by Anna-Kaisa Onatsu, Secretary General of Orthodox Youth Association of Finland: \u201cJ\u00e4rjestin seemed like a convenient way to collect information directly from the source so that congregations wouldn\u2019t struggle in gathering all the information. It would also save us the trouble of filling in all the information. Having statistics of my own events and collecting feedback also seemed handy as, in the future, all information can be found in one place&quot;.\" class=\"wp-image-251\" style=\"width:842px;height:263px\" width=\"842\" height=\"263\" srcset=\"https:\/\/jarjestin-info.humak.fi\/wp-content\/uploads\/sites\/110\/2024\/09\/6-1024x320.jpg 1024w, https:\/\/jarjestin-info.humak.fi\/wp-content\/uploads\/sites\/110\/2024\/09\/6-300x94.jpg 300w, https:\/\/jarjestin-info.humak.fi\/wp-content\/uploads\/sites\/110\/2024\/09\/6-768x240.jpg 768w, https:\/\/jarjestin-info.humak.fi\/wp-content\/uploads\/sites\/110\/2024\/09\/6-1536x480.jpg 1536w, https:\/\/jarjestin-info.humak.fi\/wp-content\/uploads\/sites\/110\/2024\/09\/6-24x8.jpg 24w, https:\/\/jarjestin-info.humak.fi\/wp-content\/uploads\/sites\/110\/2024\/09\/6-36x11.jpg 36w, https:\/\/jarjestin-info.humak.fi\/wp-content\/uploads\/sites\/110\/2024\/09\/6-48x15.jpg 48w, https:\/\/jarjestin-info.humak.fi\/wp-content\/uploads\/sites\/110\/2024\/09\/6.jpg 1920w\" sizes=\"auto, (max-width: 842px) 100vw, 842px\" \/><\/figure>\n\n\n\n<div style=\"height:19px\" aria-hidden=\"true\" class=\"wp-block-spacer\"><\/div>\n\n\n\n<h2 class=\"wp-block-heading\">More information on J\u00e4rjestin<\/h2>\n\n\n\n<div class=\"wp-block-columns is-layout-flex wp-container-core-columns-is-layout-9d6595d7 wp-block-columns-is-layout-flex\">\n<div class=\"wp-block-column is-layout-flow wp-block-column-is-layout-flow\">\n<div class=\"wp-block-cover is-light\" style=\"min-height:300px;aspect-ratio:unset;\"><span aria-hidden=\"true\" class=\"wp-block-cover__background has-background-dim-100 has-background-dim\" style=\"background-color:#a4c658\"><\/span><div class=\"wp-block-cover__inner-container is-layout-constrained wp-block-cover-is-layout-constrained\">\n<p class=\"has-text-align-center has-medium-font-size\">Tiedolla johtamisen ty\u00f6kalun k\u00e4ytt\u00e4j\u00e4kokemuksia<\/p>\n\n\n\n<div class=\"wp-block-buttons is-content-justification-center is-layout-flex wp-container-core-buttons-is-layout-16018d1d wp-block-buttons-is-layout-flex\">\n<div class=\"wp-block-button\"><a class=\"wp-block-button__link has-black-background-color has-background wp-element-button\" href=\"https:\/\/nuorisotyolehti.fi\/tiedolla-johtamisen-tyokalun-kayttajakokemuksia\/\" style=\"border-radius:0px\" target=\"_blank\" rel=\"noreferrer noopener\">Read article<\/a><\/div>\n<\/div>\n<\/div><\/div>\n<\/div>\n\n\n\n<div class=\"wp-block-column is-layout-flow wp-block-column-is-layout-flow\">\n<div class=\"wp-block-cover is-light\" style=\"min-height:300px;aspect-ratio:unset;\"><span aria-hidden=\"true\" class=\"wp-block-cover__background has-background-dim\" style=\"background-color:#a4c658\"><\/span><div class=\"wp-block-cover__inner-container is-layout-constrained wp-block-cover-is-layout-constrained\">\n<p class=\"has-text-align-center has-medium-font-size\">Tiedolla johtamisen ty\u00f6kalu J\u00e4rjestin nuorisoj\u00e4rjest\u00f6ille<\/p>\n\n\n\n<div class=\"wp-block-buttons is-content-justification-center is-layout-flex wp-container-core-buttons-is-layout-16018d1d wp-block-buttons-is-layout-flex\">\n<div class=\"wp-block-button\"><a class=\"wp-block-button__link has-black-background-color has-background wp-element-button\" href=\"https:\/\/nuorisotyolehti.fi\/tiedolla-johtamisen-tyokalu-jarjestin-nuorisojarjestoille\/\" style=\"border-radius:0px\" target=\"_blank\" rel=\"noreferrer noopener\"><strong>Read article<\/strong><\/a><\/div>\n<\/div>\n<\/div><\/div>\n<\/div>\n\n\n\n<div class=\"wp-block-column is-layout-flow wp-block-column-is-layout-flow\">\n<div class=\"wp-block-cover is-light\" style=\"min-height:300px;aspect-ratio:unset;\"><span aria-hidden=\"true\" class=\"wp-block-cover__background has-background-dim-100 has-background-dim\" style=\"background-color:#f9b44d\"><\/span><div class=\"wp-block-cover__inner-container is-layout-constrained wp-block-cover-is-layout-constrained\">\n<p class=\"has-text-align-center has-medium-font-size\">J\u00e4rjestin helpottaa nuorisoalan j\u00e4rjest\u00f6jen tiedontuotantoa ja tuo n\u00e4kyv\u00e4ksi j\u00e4rjest\u00f6jen vaikuttavuuden&nbsp;<\/p>\n\n\n\n<div class=\"wp-block-buttons is-content-justification-center is-layout-flex wp-container-core-buttons-is-layout-16018d1d wp-block-buttons-is-layout-flex\">\n<div class=\"wp-block-button\"><a class=\"wp-block-button__link has-black-background-color has-background wp-element-button\" href=\"https:\/\/nuorisotyolehti.fi\/jarjestin-helpottaa-nuorisoalan-jarjestojen-tiedontuotantoa-ja-tuo-nakyvaksi-jarjestojen-vaikuttavuuden\/\" style=\"border-radius:0px\" target=\"_blank\" rel=\"noreferrer noopener\"><strong>Read article<\/strong><\/a><\/div>\n<\/div>\n<\/div><\/div>\n<\/div>\n<\/div>\n\n\n\n<div style=\"height:29px\" aria-hidden=\"true\" class=\"wp-block-spacer\"><\/div>\n","protected":false},"excerpt":{"rendered":"<p>J\u00e4rjestin is a digital information production service for youth sector organisations that was developed together with organisations in the sector and with the funding of the Ministry of Education and Culture. The service is managed by the Humak University of Applied Sciences. Instructions, tips as well as information on the use of the service and &hellip;<\/p>\n","protected":false},"author":13,"featured_media":0,"parent":0,"menu_order":0,"comment_status":"closed","ping_status":"closed","template":"template-fullwidth.php","meta":{"_acf_changed":false,"footnotes":""},"class_list":["post-64","page","type-page","status-publish","hentry"],"acf":[],"_links":{"self":[{"href":"https:\/\/jarjestin-info.humak.fi\/en\/wp-json\/wp\/v2\/pages\/64","targetHints":{"allow":["GET"]}}],"collection":[{"href":"https:\/\/jarjestin-info.humak.fi\/en\/wp-json\/wp\/v2\/pages"}],"about":[{"href":"https:\/\/jarjestin-info.humak.fi\/en\/wp-json\/wp\/v2\/types\/page"}],"author":[{"embeddable":true,"href":"https:\/\/jarjestin-info.humak.fi\/en\/wp-json\/wp\/v2\/users\/13"}],"replies":[{"embeddable":true,"href":"https:\/\/jarjestin-info.humak.fi\/en\/wp-json\/wp\/v2\/comments?post=64"}],"version-history":[{"count":12,"href":"https:\/\/jarjestin-info.humak.fi\/en\/wp-json\/wp\/v2\/pages\/64\/revisions"}],"predecessor-version":[{"id":270,"href":"https:\/\/jarjestin-info.humak.fi\/en\/wp-json\/wp\/v2\/pages\/64\/revisions\/270"}],"wp:attachment":[{"href":"https:\/\/jarjestin-info.humak.fi\/en\/wp-json\/wp\/v2\/media?parent=64"}],"curies":[{"name":"wp","href":"https:\/\/api.w.org\/{rel}","templated":true}]}}