{"id":67,"date":"2024-01-24T08:59:57","date_gmt":"2024-01-24T06:59:57","guid":{"rendered":"https:\/\/jarjestin-info.humak.fi\/jarjestin-digital-tjanst-for-informationsproduktion-for-organisationer-inom-ungdomssektorn\/"},"modified":"2024-09-23T13:56:42","modified_gmt":"2024-09-23T10:56:42","slug":"jarjestin-digital-tjanst-for-informationsproduktion-for-organisationer-inom-ungdomssektorn","status":"publish","type":"page","link":"https:\/\/jarjestin-info.humak.fi\/sv\/","title":{"rendered":"J\u00e4rjestin \u2013 digital tj\u00e4nst f\u00f6r informationsproduktion f\u00f6r organisationer inom ungdomssektorn"},"content":{"rendered":"\n<p>J\u00e4rjestin \u00e4r en tj\u00e4nst f\u00f6r informationsproduktion som har utvecklats f\u00f6r ungdomssektorn tillsammans med organisationer inom sektorn och undervisnings- och kulturministeriets finansiering. Tj\u00e4nsten administreras av Humanistiska yrkesh\u00f6gskolan.<\/p>\n\n\n\n<p>P\u00e5 denna sida samlas anvisningar, tips och information om att anv\u00e4nda tj\u00e4nsten samt kommande uppdateringar..<\/p>\n\n\n\n<div style=\"height:33px\" aria-hidden=\"true\" class=\"wp-block-spacer\"><\/div>\n\n\n\n<div class=\"wp-block-columns is-layout-flex wp-container-core-columns-is-layout-9d6595d7 wp-block-columns-is-layout-flex\">\n<div class=\"wp-block-column is-layout-flow wp-block-column-is-layout-flow\" style=\"flex-basis:66.66%\">\n<h2 class=\"wp-block-heading\">J\u00e4rjestin i korthet<\/h2>\n\n\n\n<ul class=\"wp-block-list\">\n<li>J\u00e4rjestin \u00e4r en avgiftsfri tj\u00e4nst f\u00f6r organisationer inom ungdomsbranschen.<\/li>\n\n\n\n<li>I tj\u00e4nsten sparas organisationens basinformation.<\/li>\n\n\n\n<li>Tj\u00e4nsten sammanst\u00e4ller information om organisationens verksamhet i realtid.<\/li>\n\n\n\n<li>I tj\u00e4nsten kan man skapa medlemsenk\u00e4ter med f\u00e4rdiga enk\u00e4tmallar som kan redigeras f\u00f6r eget bruk, eller skapa egna enk\u00e4ter med hj\u00e4lp av J\u00e4rjestins m\u00e5ngsidiga enk\u00e4tverktyg.<\/li>\n\n\n\n<li>Tj\u00e4nsten finns p\u00e5 finska, svenska och engelska.<\/li>\n<\/ul>\n<\/div>\n\n\n\n<div class=\"wp-block-column is-vertically-aligned-center is-layout-flow wp-block-column-is-layout-flow\" style=\"flex-basis:33.33%\"><div class=\"wp-block-image\">\n<figure class=\"aligncenter size-full\"><img loading=\"lazy\" decoding=\"async\" width=\"458\" height=\"358\" src=\"https:\/\/jarjestin-info.humak.fi\/wp-content\/uploads\/sites\/110\/2024\/01\/jarjestin-kuvake.png\" alt=\"\" class=\"wp-image-32\" srcset=\"https:\/\/jarjestin-info.humak.fi\/wp-content\/uploads\/sites\/110\/2024\/01\/jarjestin-kuvake.png 458w, https:\/\/jarjestin-info.humak.fi\/wp-content\/uploads\/sites\/110\/2024\/01\/jarjestin-kuvake-300x234.png 300w, https:\/\/jarjestin-info.humak.fi\/wp-content\/uploads\/sites\/110\/2024\/01\/jarjestin-kuvake-24x19.png 24w, https:\/\/jarjestin-info.humak.fi\/wp-content\/uploads\/sites\/110\/2024\/01\/jarjestin-kuvake-36x28.png 36w, https:\/\/jarjestin-info.humak.fi\/wp-content\/uploads\/sites\/110\/2024\/01\/jarjestin-kuvake-48x38.png 48w\" sizes=\"auto, (max-width: 458px) 100vw, 458px\" \/><\/figure><\/div><\/div>\n<\/div>\n\n\n\n<div style=\"height:18px\" aria-hidden=\"true\" class=\"wp-block-spacer\"><\/div>\n\n\n\n<h2 class=\"wp-block-heading\">Vilken nytta ger J\u00e4rjestin?<\/h2>\n\n\n\n<ul class=\"wp-block-list\">\n<li>Du kan leda med information.<\/li>\n\n\n\n<li>Du hittar information f\u00f6r verksamhetsber\u00e4ttelsen enkelt.<\/li>\n\n\n\n<li>Du kan utnyttja data i finansierings- och projektans\u00f6kningar.<\/li>\n\n\n\n<li>Du kan anv\u00e4nda information ni har f\u00e5tt inom kommunikationen.<\/li>\n\n\n\n<li>Du kan visa effekten av verksamheten enkelt.<\/li>\n\n\n\n<li>Resultaten kan anv\u00e4ndas till exempel som inneh\u00e5ll i din ans\u00f6kan och utredning om statsunderst\u00f6d f\u00f6r fritidsverksamhet.<\/li>\n<\/ul>\n\n\n\n<div style=\"height:19px\" aria-hidden=\"true\" class=\"wp-block-spacer\"><\/div>\n\n\n\n<h2 class=\"wp-block-heading\">Det \u00e4r enkelt att samla in verksamhetsinformation!<\/h2>\n\n\n\n<ul class=\"wp-block-list\">\n<li>Anv\u00e4nd f\u00e4rdiga enk\u00e4tmallar eller skapa dina egna.<\/li>\n\n\n\n<li>Visualisera verksamhetsinformation i grafer snabbt.<\/li>\n\n\n\n<li>Sammanst\u00e4ll tidsserier som visar utvecklingen av verksamheten.<\/li>\n\n\n\n<li>Du kan skriva ut information i PNG-, PDF- och CSV-format.<\/li>\n\n\n\n<li>Bl\u00e4ddra bland information p\u00e5 datorn eller den mobila enheten.<\/li>\n\n\n\n<li>Den som svarar p\u00e5 enk\u00e4ter beh\u00f6ver inte logga in i tj\u00e4nsten.<\/li>\n<\/ul>\n\n\n\n<div style=\"height:19px\" aria-hidden=\"true\" class=\"wp-block-spacer\"><\/div>\n\n\n\n<p class=\"has-text-align-center has-medium-font-size\"><strong>Kontakta oss per e-post om du vill ha mer information eller b\u00f6rja anv\u00e4nda J\u00e4rjestin: jarjestin(at)humak.fi.<\/strong><\/p>\n\n\n\n<div style=\"height:19px\" aria-hidden=\"true\" class=\"wp-block-spacer\"><\/div>\n\n\n\n<figure class=\"wp-block-image size-large\"><img loading=\"lazy\" decoding=\"async\" width=\"1024\" height=\"320\" src=\"https:\/\/jarjestin-info.humak.fi\/wp-content\/uploads\/sites\/110\/2024\/09\/3-1024x320.jpg\" alt=\"Jenny Tabermanns (Pohjola-Nordens Ungdomsf\u00f6rbunds generalsekretare) anv\u00e4ndarupplevelser: &quot;Att utveckla ett \u00f6vervakningsverktyg \u00e4r en tidskr\u00e4vande process som ocks\u00e5 kr\u00e4ver m\u00e4nskliga resurser. D\u00e4rf\u00f6r erbjuder J\u00e4rjestin en fantastisk m\u00f6jlighet att anv\u00e4nda ett verktyg som redan \u00e4r byggt utifr\u00e5n organisationers behov. Och om man beh\u00f6ver st\u00f6d n\u00e4r man anv\u00e4nder verktyget, kan man v\u00e4nda sig till kollegor.\u201d\" class=\"wp-image-256\" srcset=\"https:\/\/jarjestin-info.humak.fi\/wp-content\/uploads\/sites\/110\/2024\/09\/3-1024x320.jpg 1024w, https:\/\/jarjestin-info.humak.fi\/wp-content\/uploads\/sites\/110\/2024\/09\/3-300x94.jpg 300w, https:\/\/jarjestin-info.humak.fi\/wp-content\/uploads\/sites\/110\/2024\/09\/3-768x240.jpg 768w, https:\/\/jarjestin-info.humak.fi\/wp-content\/uploads\/sites\/110\/2024\/09\/3-1536x480.jpg 1536w, https:\/\/jarjestin-info.humak.fi\/wp-content\/uploads\/sites\/110\/2024\/09\/3-24x8.jpg 24w, https:\/\/jarjestin-info.humak.fi\/wp-content\/uploads\/sites\/110\/2024\/09\/3-36x11.jpg 36w, https:\/\/jarjestin-info.humak.fi\/wp-content\/uploads\/sites\/110\/2024\/09\/3-48x15.jpg 48w, https:\/\/jarjestin-info.humak.fi\/wp-content\/uploads\/sites\/110\/2024\/09\/3.jpg 1920w\" sizes=\"auto, (max-width: 1024px) 100vw, 1024px\" \/><\/figure>\n\n\n\n<div style=\"height:19px\" aria-hidden=\"true\" class=\"wp-block-spacer\"><\/div>\n\n\n\n<figure class=\"wp-block-image size-large\"><img loading=\"lazy\" decoding=\"async\" width=\"1024\" height=\"320\" src=\"https:\/\/jarjestin-info.humak.fi\/wp-content\/uploads\/sites\/110\/2024\/09\/4-1024x320.jpg\" alt=\"Anna-Kaisa Onatsus (generalsekterare, F\u00f6rbundet for Unga Ortodoxa) anv\u00e4ndarupplevelser: \u201dJ\u00e4rjestin verkade vara ett smidigt s\u00e4tt att samla information direkt fr\u00e5n informationsk\u00e4llan s\u00e5 att f\u00f6rsamlingarna inte skulle ha ett stort jobb med informationssamlingen. Dessutom sparar J\u00e4rjestin v\u00e5ra resurser. Statistik \u00f6ver egna evenemang och m\u00f6jligheten att samla in feedback verkade bra: i framtiden kan all information hittas p\u00e5 ett st\u00e4lle.\" class=\"wp-image-262\" srcset=\"https:\/\/jarjestin-info.humak.fi\/wp-content\/uploads\/sites\/110\/2024\/09\/4-1024x320.jpg 1024w, https:\/\/jarjestin-info.humak.fi\/wp-content\/uploads\/sites\/110\/2024\/09\/4-300x94.jpg 300w, https:\/\/jarjestin-info.humak.fi\/wp-content\/uploads\/sites\/110\/2024\/09\/4-768x240.jpg 768w, https:\/\/jarjestin-info.humak.fi\/wp-content\/uploads\/sites\/110\/2024\/09\/4-1536x480.jpg 1536w, https:\/\/jarjestin-info.humak.fi\/wp-content\/uploads\/sites\/110\/2024\/09\/4-24x8.jpg 24w, https:\/\/jarjestin-info.humak.fi\/wp-content\/uploads\/sites\/110\/2024\/09\/4-36x11.jpg 36w, https:\/\/jarjestin-info.humak.fi\/wp-content\/uploads\/sites\/110\/2024\/09\/4-48x15.jpg 48w, https:\/\/jarjestin-info.humak.fi\/wp-content\/uploads\/sites\/110\/2024\/09\/4.jpg 1920w\" sizes=\"auto, (max-width: 1024px) 100vw, 1024px\" \/><\/figure>\n\n\n\n<div style=\"height:19px\" aria-hidden=\"true\" class=\"wp-block-spacer\"><\/div>\n\n\n\n<h2 class=\"wp-block-heading\">Mer information om J\u00e4rjestin<\/h2>\n\n\n\n<div class=\"wp-block-columns is-layout-flex wp-container-core-columns-is-layout-9d6595d7 wp-block-columns-is-layout-flex\">\n<div class=\"wp-block-column is-layout-flow wp-block-column-is-layout-flow\">\n<div class=\"wp-block-cover is-light\" style=\"min-height:300px;aspect-ratio:unset;\"><span aria-hidden=\"true\" class=\"wp-block-cover__background has-background-dim-100 has-background-dim\" style=\"background-color:#a4c658\"><\/span><div class=\"wp-block-cover__inner-container is-layout-constrained wp-block-cover-is-layout-constrained\">\n<p class=\"has-text-align-center has-medium-font-size\">Tiedolla johtamisen ty\u00f6kalun k\u00e4ytt\u00e4j\u00e4kokemuksia<br>(p\u00e5 finska)<\/p>\n\n\n\n<div class=\"wp-block-buttons is-content-justification-center is-layout-flex wp-container-core-buttons-is-layout-16018d1d wp-block-buttons-is-layout-flex\">\n<div class=\"wp-block-button\"><a class=\"wp-block-button__link has-black-background-color has-background wp-element-button\" href=\"https:\/\/nuorisotyolehti.fi\/tiedolla-johtamisen-tyokalun-kayttajakokemuksia\/\" style=\"border-radius:0px\" target=\"_blank\" rel=\"noreferrer noopener\">L\u00e4s nyheten<\/a><\/div>\n<\/div>\n<\/div><\/div>\n<\/div>\n\n\n\n<div class=\"wp-block-column is-layout-flow wp-block-column-is-layout-flow\">\n<div class=\"wp-block-cover is-light\" style=\"min-height:300px;aspect-ratio:unset;\"><span aria-hidden=\"true\" class=\"wp-block-cover__background has-background-dim\" style=\"background-color:#a4c658\"><\/span><div class=\"wp-block-cover__inner-container is-layout-constrained wp-block-cover-is-layout-constrained\">\n<p class=\"has-text-align-center has-medium-font-size\">Tiedolla johtamisen ty\u00f6kalu J\u00e4rjestin nuorisoj\u00e4rjest\u00f6ille<br>(p\u00e5 finska)<\/p>\n\n\n\n<div class=\"wp-block-buttons is-content-justification-center is-layout-flex wp-container-core-buttons-is-layout-16018d1d wp-block-buttons-is-layout-flex\">\n<div class=\"wp-block-button\"><a class=\"wp-block-button__link has-black-background-color has-background wp-element-button\" href=\"https:\/\/nuorisotyolehti.fi\/tiedolla-johtamisen-tyokalu-jarjestin-nuorisojarjestoille\/\" style=\"border-radius:0px\" target=\"_blank\" rel=\"noreferrer noopener\">L\u00e4s nyheten<\/a><\/div>\n<\/div>\n<\/div><\/div>\n<\/div>\n\n\n\n<div class=\"wp-block-column is-layout-flow wp-block-column-is-layout-flow\">\n<div class=\"wp-block-cover is-light\" style=\"min-height:300px;aspect-ratio:unset;\"><span aria-hidden=\"true\" class=\"wp-block-cover__background has-background-dim-100 has-background-dim\" style=\"background-color:#f9b44d\"><\/span><div class=\"wp-block-cover__inner-container is-layout-constrained wp-block-cover-is-layout-constrained\">\n<p class=\"has-text-align-center has-medium-font-size\">J\u00e4rjestin helpottaa nuorisoalan j\u00e4rjest\u00f6jen tiedontuotantoa ja tuo n\u00e4kyv\u00e4ksi j\u00e4rjest\u00f6jen vaikuttavuuden&nbsp;<br>(p\u00e5 finska)<\/p>\n\n\n\n<div class=\"wp-block-buttons is-content-justification-center is-layout-flex wp-container-core-buttons-is-layout-16018d1d wp-block-buttons-is-layout-flex\">\n<div class=\"wp-block-button\"><a class=\"wp-block-button__link has-black-background-color has-background wp-element-button\" href=\"https:\/\/nuorisotyolehti.fi\/jarjestin-helpottaa-nuorisoalan-jarjestojen-tiedontuotantoa-ja-tuo-nakyvaksi-jarjestojen-vaikuttavuuden\/\" style=\"border-radius:0px\" target=\"_blank\" rel=\"noreferrer noopener\">L\u00e4s nyheten<\/a><\/div>\n<\/div>\n<\/div><\/div>\n<\/div>\n<\/div>\n\n\n\n<p class=\"has-text-align-center\"><\/p>\n\n\n\n<div style=\"height:29px\" aria-hidden=\"true\" class=\"wp-block-spacer\"><\/div>\n","protected":false},"excerpt":{"rendered":"<p>J\u00e4rjestin \u00e4r en tj\u00e4nst f\u00f6r informationsproduktion som har utvecklats f\u00f6r ungdomssektorn tillsammans med organisationer inom sektorn och undervisnings- och kulturministeriets finansiering. Tj\u00e4nsten administreras av Humanistiska yrkesh\u00f6gskolan. P\u00e5 denna sida samlas anvisningar, tips och information om att anv\u00e4nda tj\u00e4nsten samt kommande uppdateringar.. J\u00e4rjestin i korthet Vilken nytta ger J\u00e4rjestin? Det \u00e4r enkelt att samla in verksamhetsinformation! &hellip;<\/p>\n","protected":false},"author":13,"featured_media":0,"parent":0,"menu_order":0,"comment_status":"closed","ping_status":"closed","template":"template-fullwidth.php","meta":{"_acf_changed":false,"footnotes":""},"class_list":["post-67","page","type-page","status-publish","hentry"],"acf":[],"_links":{"self":[{"href":"https:\/\/jarjestin-info.humak.fi\/sv\/wp-json\/wp\/v2\/pages\/67","targetHints":{"allow":["GET"]}}],"collection":[{"href":"https:\/\/jarjestin-info.humak.fi\/sv\/wp-json\/wp\/v2\/pages"}],"about":[{"href":"https:\/\/jarjestin-info.humak.fi\/sv\/wp-json\/wp\/v2\/types\/page"}],"author":[{"embeddable":true,"href":"https:\/\/jarjestin-info.humak.fi\/sv\/wp-json\/wp\/v2\/users\/13"}],"replies":[{"embeddable":true,"href":"https:\/\/jarjestin-info.humak.fi\/sv\/wp-json\/wp\/v2\/comments?post=67"}],"version-history":[{"count":5,"href":"https:\/\/jarjestin-info.humak.fi\/sv\/wp-json\/wp\/v2\/pages\/67\/revisions"}],"predecessor-version":[{"id":268,"href":"https:\/\/jarjestin-info.humak.fi\/sv\/wp-json\/wp\/v2\/pages\/67\/revisions\/268"}],"wp:attachment":[{"href":"https:\/\/jarjestin-info.humak.fi\/sv\/wp-json\/wp\/v2\/media?parent=67"}],"curies":[{"name":"wp","href":"https:\/\/api.w.org\/{rel}","templated":true}]}}